{"id":10,"date":"2020-04-27T10:43:11","date_gmt":"2020-04-27T10:43:11","guid":{"rendered":"http:\/\/baumsteiger-allgaeu.de\/?page_id=10"},"modified":"2021-06-07T18:05:28","modified_gmt":"2021-06-07T18:05:28","slug":"impressum","status":"publish","type":"page","link":"https:\/\/baumsteiger-allgaeu.de\/?page_id=10","title":{"rendered":"Impressum"},"content":{"rendered":"\t\t<div data-elementor-type=\"wp-page\" data-elementor-id=\"10\" class=\"elementor elementor-10\" data-elementor-post-type=\"page\">\n\t\t\t\t\t\t<section class=\"has_eae_slider elementor-section elementor-top-section elementor-element elementor-element-12f32b4 elementor-section-boxed elementor-section-height-default elementor-section-height-default\" data-eae-slider=\"23188\" data-id=\"12f32b4\" data-element_type=\"section\" data-e-type=\"section\">\n\t\t\t\t\t\t<div class=\"elementor-container elementor-column-gap-default\">\n\t\t\t\t\t<div class=\"has_eae_slider elementor-column elementor-col-100 elementor-top-column elementor-element elementor-element-4b88478\" data-eae-slider=\"61216\" data-id=\"4b88478\" data-element_type=\"column\" data-e-type=\"column\">\n\t\t\t<div class=\"elementor-widget-wrap elementor-element-populated\">\n\t\t\t\t\t\t<div class=\"elementor-element elementor-element-fc8f493 elementor-widget elementor-widget-text-editor\" data-id=\"fc8f493\" data-element_type=\"widget\" data-e-type=\"widget\" data-widget_type=\"text-editor.default\">\n\t\t\t\t<div class=\"elementor-widget-container\">\n\t\t\t\t\t\t\t\t\t<p>\u00a0<\/p><p><strong>Impressum:<\/strong><\/p><p>Baumsteiger Allg\u00e4u<br \/>Raphael Bernhardt<br \/>Oflingser Weg 17<br \/>88239 Wangen im Allg\u00e4u<br \/>buero@baumsteiger-allgaeu.de<\/p><p>Technische Umsetzung: <br \/><a href=\"http:\/\/watzusehn.de\/\" target=\"_blank\" rel=\"noopener\">www.watzusehn.de<\/a><\/p><p>Haftungsausschluss (Disclaimer)<\/p><p class=\"Stil20\">Haftung f\u00fcr Inhalte<\/p><p class=\"Stil20\">Die Inhalte unserer Seiten wurden mit gr\u00f6\u00dfter Sorgfalt erstellt. F\u00fcr die Richtigkeit, Voll-<br \/>st\u00e4ndigkeit und Aktualit\u00e4t der Inhalte k\u00f6nnen wir jedoch keine Gew\u00e4hr \u00fcbernehmen.<\/p><p class=\"Stil20\">Als Diensteanbieter sind wir gem\u00e4\u00df \u00a7 7 Abs.1 TMG f\u00fcr eigene Inhalte auf diesen Seiten <br \/>nach den allgemeinen Gesetzen verantwortlich. Nach \u00a7\u00a7 8 bis 10 TMG sind wir als Dienste-<br \/>anbieter jedoch nicht verpflichtet, \u00fcbermittelte oder gespeicherte fremde Informationen zu <br \/>\u00fcberwachen oder nach Umst\u00e4nden zu forschen, die auf eine rechtswidrige T\u00e4tigkeit hinweisen. <br \/>Verpflichtungen zur Entfernung oder Sperrung der Nutzung von Informationen nach den all-<br \/>gemeinen Gesetzen bleiben hiervon unber\u00fchrt. Eine diesbez\u00fcgliche Haftung ist jedoch erst ab <br \/>dem Zeitpunkt der Kenntnis einer konkreten Rechtsverletzung m\u00f6glich. Bei bekannt werden von <br \/>entsprechenden Rechtsverletzungen werden wir diese Inhalte umgehend entfernen.<\/p><p>Haftung f\u00fcr Links<\/p><p class=\"Stil20\">Unser Angebot enth\u00e4lt Links zu externen Webseiten Dritter, auf deren Inhalte wir keinen Einfluss <br \/>haben. Deshalb k\u00f6nnen wir f\u00fcr diese fremden Inhalte auch keine Gew\u00e4hr \u00fcbernehmen. F\u00fcr die <br \/>Inhalte der verlinkten Seiten ist stets der jeweilige Anbieter oder Betreiber der Seiten verantwortlich. <br \/>Die verlinkten Seiten wurden zum Zeitpunkt der Verlinkung auf m\u00f6gliche Rechtsverst\u00f6\u00dfe \u00fcberpr\u00fcft. <br \/>Rechtswidrige Inhalte waren zum Zeitpunkt der Verlinkung nicht erkennbar. Eine permanente <br \/>inhaltliche Kontrolle der verlinkten Seiten ist jedoch ohne konkrete Anhaltspunkte einer Rechtsver-<br \/>letzung nicht zumutbar. Bei Bekanntwerden von Rechtsverletzungen werden wir derartige Links <br \/>umgehend entfernen.<\/p><p class=\"Stil20\">Urheberrecht<\/p><p class=\"Stil20\">Die durch die Seitenbetreiber erstellten Inhalte und Werke auf diesen Seiten unterliegen dem <br \/>deutschen Urheberrecht. Die Vervielf\u00e4ltigung, Bearbeitung, Verbreitung und jede Art der Verwertung <br \/>au\u00dferhalb der Grenzen des Urheberrechtes bed\u00fcrfen der schriftlichen Zustimmung des jeweiligen <br \/>Autors bzw. Erstellers. Downloads und Kopien dieser Seite sind nur f\u00fcr den privaten, nicht kommer-<br \/>ziellen Gebrauch gestattet. Soweit die Inhalte auf dieser Seite nicht vom Betreiber erstellt wurden, <br \/>werden die Urheberrechte Dritter beachtet. Insbesondere werden Inhalte Dritter als solche gekenn-<br \/>zeichnet. Sollten Sie trotzdem auf eine Urheberrechtsverletzung aufmerksam werden, bitten wir um <br \/>einen entsprechenden Hinweis. Bei Bekanntwerden von Rechtsverletzungen werden wir derartige <br \/>Inhalte umgehend entfernen.<\/p><p class=\"Stil20\">Datenschutz<\/p><p class=\"Stil20\">Die Nutzung unserer Webseite ist in der Regel ohne Angabe personenbezogener Daten m\u00f6glich. <br \/>Soweit auf unseren Seiten personenbezogene Daten (beispielsweise Name, Anschrift oder eMail-<br \/>Adressen) erhoben werden, erfolgt dies, soweit m\u00f6glich, stets auf freiwilliger Basis. Diese Daten <br \/>werden ohne Ihre ausdr\u00fcckliche Zustimmung nicht an Dritte weitergegeben.<\/p><p class=\"Stil20\">Wir weisen darauf hin, dass die Daten\u00fcbertragung im Internet (z.B. bei der Kommunikation per <br \/>E-Mail) Sicherheitsl\u00fccken aufweisen kann. Ein l\u00fcckenloser Schutz der Daten vor dem Zugriff durch <br \/>Dritte ist nicht m\u00f6glich.<\/p><p class=\"Stil20\">Der Nutzung von im Rahmen der Impressumspflicht ver\u00f6ffentlichten Kontaktdaten durch Dritte zur <br \/>\u00dcbersendung von nicht ausdr\u00fccklich angeforderter Werbung und Informationsmaterialien wird hiermit <br \/>ausdr\u00fccklich widersprochen. Die Betreiber der Seiten behalten sich ausdr\u00fccklich rechtliche Schritte <br \/>im Falle der unverlangten Zusendung von Werbeinformationen, etwa durch Spam-Mails, vor.<\/p>\t\t\t\t\t\t\t\t<\/div>\n\t\t\t\t<\/div>\n\t\t\t\t\t<\/div>\n\t\t<\/div>\n\t\t\t\t\t<\/div>\n\t\t<\/section>\n\t\t\t\t<\/div>\n\t\t","protected":false},"excerpt":{"rendered":"<p>\u00a0 Impressum: Baumsteiger Allg\u00e4uRaphael BernhardtOflingser Weg 1788239 Wangen im Allg\u00e4ubuero@baumsteiger-allgaeu.de Technische Umsetzung: www.watzusehn.de Haftungsausschluss (Disclaimer) Haftung f\u00fcr Inhalte Die Inhalte unserer Seiten wurden mit gr\u00f6\u00dfter Sorgfalt erstellt. F\u00fcr die Richtigkeit, Voll-st\u00e4ndigkeit und Aktualit\u00e4t der Inhalte k\u00f6nnen wir jedoch keine Gew\u00e4hr \u00fcbernehmen. Als Diensteanbieter sind wir gem\u00e4\u00df \u00a7 7 Abs.1 TMG f\u00fcr eigene Inhalte auf diesen [&hellip;]<\/p>\n","protected":false},"author":1,"featured_media":0,"parent":0,"menu_order":0,"comment_status":"closed","ping_status":"closed","template":"elementor_header_footer","meta":{"ocean_post_layout":"full-width","ocean_both_sidebars_style":"","ocean_both_sidebars_content_width":0,"ocean_both_sidebars_sidebars_width":0,"ocean_sidebar":"0","ocean_second_sidebar":"0","ocean_disable_margins":"enable","ocean_add_body_class":"","ocean_shortcode_before_top_bar":"","ocean_shortcode_after_top_bar":"","ocean_shortcode_before_header":"","ocean_shortcode_after_header":"","ocean_has_shortcode":"","ocean_shortcode_after_title":"","ocean_shortcode_before_footer_widgets":"","ocean_shortcode_after_footer_widgets":"","ocean_shortcode_before_footer_bottom":"","ocean_shortcode_after_footer_bottom":"","ocean_display_top_bar":"on","ocean_display_header":"on","ocean_header_style":"","ocean_center_header_left_menu":"0","ocean_custom_header_template":"0","ocean_custom_logo":0,"ocean_custom_retina_logo":0,"ocean_custom_logo_max_width":0,"ocean_custom_logo_tablet_max_width":0,"ocean_custom_logo_mobile_max_width":0,"ocean_custom_logo_max_height":0,"ocean_custom_logo_tablet_max_height":0,"ocean_custom_logo_mobile_max_height":0,"ocean_header_custom_menu":"2","ocean_menu_typo_font_family":"0","ocean_menu_typo_font_subset":"","ocean_menu_typo_font_size":0,"ocean_menu_typo_font_size_tablet":0,"ocean_menu_typo_font_size_mobile":0,"ocean_menu_typo_font_size_unit":"px","ocean_menu_typo_font_weight":"","ocean_menu_typo_font_weight_tablet":"","ocean_menu_typo_font_weight_mobile":"","ocean_menu_typo_transform":"","ocean_menu_typo_transform_tablet":"","ocean_menu_typo_transform_mobile":"","ocean_menu_typo_line_height":0,"ocean_menu_typo_line_height_tablet":0,"ocean_menu_typo_line_height_mobile":0,"ocean_menu_typo_line_height_unit":"","ocean_menu_typo_spacing":0,"ocean_menu_typo_spacing_tablet":0,"ocean_menu_typo_spacing_mobile":0,"ocean_menu_typo_spacing_unit":"","ocean_menu_link_color":"","ocean_menu_link_color_hover":"","ocean_menu_link_color_active":"","ocean_menu_link_background":"","ocean_menu_link_hover_background":"","ocean_menu_link_active_background":"","ocean_menu_social_links_bg":"","ocean_menu_social_hover_links_bg":"","ocean_menu_social_links_color":"","ocean_menu_social_hover_links_color":"","ocean_disable_title":"on","ocean_disable_heading":"default","ocean_post_title":"","ocean_post_subheading":"","ocean_post_title_style":"","ocean_post_title_background_color":"","ocean_post_title_background":0,"ocean_post_title_bg_image_position":"","ocean_post_title_bg_image_attachment":"","ocean_post_title_bg_image_repeat":"","ocean_post_title_bg_image_size":"","ocean_post_title_height":0,"ocean_post_title_bg_overlay":0.5,"ocean_post_title_bg_overlay_color":"","ocean_disable_breadcrumbs":"default","ocean_breadcrumbs_color":"","ocean_breadcrumbs_separator_color":"","ocean_breadcrumbs_links_color":"","ocean_breadcrumbs_links_hover_color":"","ocean_display_footer_widgets":"default","ocean_display_footer_bottom":"default","ocean_custom_footer_template":"0","footnotes":""},"class_list":["post-10","page","type-page","status-publish","hentry","entry"],"yoast_head":"<!-- This site is optimized with the Yoast SEO plugin v27.6 - https:\/\/yoast.com\/product\/yoast-seo-wordpress\/ -->\n<title>Impressum - Baumsteiger Allg\u00e4u Baumpfleger<\/title>\n<meta name=\"robots\" content=\"index, follow, max-snippet:-1, max-image-preview:large, max-video-preview:-1\" \/>\n<link rel=\"canonical\" href=\"https:\/\/baumsteiger-allgaeu.de\/?page_id=10\" \/>\n<meta property=\"og:locale\" content=\"de_DE\" \/>\n<meta property=\"og:type\" content=\"article\" \/>\n<meta property=\"og:title\" content=\"Impressum - Baumsteiger Allg\u00e4u Baumpfleger\" \/>\n<meta property=\"og:description\" content=\"\u00a0 Impressum: Baumsteiger Allg\u00e4uRaphael BernhardtOflingser Weg 1788239 Wangen im Allg\u00e4ubuero@baumsteiger-allgaeu.de Technische Umsetzung: www.watzusehn.de Haftungsausschluss (Disclaimer) Haftung f\u00fcr Inhalte Die Inhalte unserer Seiten wurden mit gr\u00f6\u00dfter Sorgfalt erstellt. F\u00fcr die Richtigkeit, Voll-st\u00e4ndigkeit und Aktualit\u00e4t der Inhalte k\u00f6nnen wir jedoch keine Gew\u00e4hr \u00fcbernehmen. Als Diensteanbieter sind wir gem\u00e4\u00df \u00a7 7 Abs.1 TMG f\u00fcr eigene Inhalte auf diesen [&hellip;]\" \/>\n<meta property=\"og:url\" content=\"https:\/\/baumsteiger-allgaeu.de\/?page_id=10\" \/>\n<meta property=\"og:site_name\" content=\"Baumsteiger Allg\u00e4u Baumpfleger\" \/>\n<meta property=\"article:modified_time\" content=\"2021-06-07T18:05:28+00:00\" \/>\n<meta name=\"twitter:card\" content=\"summary_large_image\" \/>\n<meta name=\"twitter:label1\" content=\"Gesch\u00e4tzte Lesezeit\" \/>\n\t<meta name=\"twitter:data1\" content=\"3\u00a0Minuten\" \/>\n<script type=\"application\/ld+json\" class=\"yoast-schema-graph\">{\"@context\":\"https:\\\/\\\/schema.org\",\"@graph\":[{\"@type\":\"WebPage\",\"@id\":\"https:\\\/\\\/baumsteiger-allgaeu.de\\\/?page_id=10\",\"url\":\"https:\\\/\\\/baumsteiger-allgaeu.de\\\/?page_id=10\",\"name\":\"Impressum - Baumsteiger Allg\u00e4u Baumpfleger\",\"isPartOf\":{\"@id\":\"https:\\\/\\\/baumsteiger-allgaeu.de\\\/#website\"},\"datePublished\":\"2020-04-27T10:43:11+00:00\",\"dateModified\":\"2021-06-07T18:05:28+00:00\",\"breadcrumb\":{\"@id\":\"https:\\\/\\\/baumsteiger-allgaeu.de\\\/?page_id=10#breadcrumb\"},\"inLanguage\":\"de\",\"potentialAction\":[{\"@type\":\"ReadAction\",\"target\":[\"https:\\\/\\\/baumsteiger-allgaeu.de\\\/?page_id=10\"]}]},{\"@type\":\"BreadcrumbList\",\"@id\":\"https:\\\/\\\/baumsteiger-allgaeu.de\\\/?page_id=10#breadcrumb\",\"itemListElement\":[{\"@type\":\"ListItem\",\"position\":1,\"name\":\"Startseite\",\"item\":\"https:\\\/\\\/baumsteiger-allgaeu.de\\\/\"},{\"@type\":\"ListItem\",\"position\":2,\"name\":\"Impressum\"}]},{\"@type\":\"WebSite\",\"@id\":\"https:\\\/\\\/baumsteiger-allgaeu.de\\\/#website\",\"url\":\"https:\\\/\\\/baumsteiger-allgaeu.de\\\/\",\"name\":\"Baumsteiger Allg\u00e4u Baumpflege Raphael Bernhardt\",\"description\":\"Professionelle Baumpflege Baumkontrolle Baumschnitt Spezialf\u00e4llungen Seilklettertechnik Allgaeu\",\"publisher\":{\"@id\":\"https:\\\/\\\/baumsteiger-allgaeu.de\\\/#organization\"},\"potentialAction\":[{\"@type\":\"SearchAction\",\"target\":{\"@type\":\"EntryPoint\",\"urlTemplate\":\"https:\\\/\\\/baumsteiger-allgaeu.de\\\/?s={search_term_string}\"},\"query-input\":{\"@type\":\"PropertyValueSpecification\",\"valueRequired\":true,\"valueName\":\"search_term_string\"}}],\"inLanguage\":\"de\"},{\"@type\":\"Organization\",\"@id\":\"https:\\\/\\\/baumsteiger-allgaeu.de\\\/#organization\",\"name\":\"Baumsteiger Allgaeu Baumpflege in Seilklettertechnik\",\"url\":\"https:\\\/\\\/baumsteiger-allgaeu.de\\\/\",\"logo\":{\"@type\":\"ImageObject\",\"inLanguage\":\"de\",\"@id\":\"https:\\\/\\\/baumsteiger-allgaeu.de\\\/#\\\/schema\\\/logo\\\/image\\\/\",\"url\":\"https:\\\/\\\/baumsteiger-allgaeu.de\\\/wp-content\\\/uploads\\\/2020\\\/05\\\/baumsteiger-allgaeu-baumpflege-steil-klettern-raphael-bernhardt.png\",\"contentUrl\":\"https:\\\/\\\/baumsteiger-allgaeu.de\\\/wp-content\\\/uploads\\\/2020\\\/05\\\/baumsteiger-allgaeu-baumpflege-steil-klettern-raphael-bernhardt.png\",\"width\":512,\"height\":485,\"caption\":\"Baumsteiger Allgaeu Baumpflege in Seilklettertechnik\"},\"image\":{\"@id\":\"https:\\\/\\\/baumsteiger-allgaeu.de\\\/#\\\/schema\\\/logo\\\/image\\\/\"}}]}<\/script>\n<!-- \/ Yoast SEO plugin. -->","yoast_head_json":{"title":"Impressum - Baumsteiger Allg\u00e4u Baumpfleger","robots":{"index":"index","follow":"follow","max-snippet":"max-snippet:-1","max-image-preview":"max-image-preview:large","max-video-preview":"max-video-preview:-1"},"canonical":"https:\/\/baumsteiger-allgaeu.de\/?page_id=10","og_locale":"de_DE","og_type":"article","og_title":"Impressum - Baumsteiger Allg\u00e4u Baumpfleger","og_description":"\u00a0 Impressum: Baumsteiger Allg\u00e4uRaphael BernhardtOflingser Weg 1788239 Wangen im Allg\u00e4ubuero@baumsteiger-allgaeu.de Technische Umsetzung: www.watzusehn.de Haftungsausschluss (Disclaimer) Haftung f\u00fcr Inhalte Die Inhalte unserer Seiten wurden mit gr\u00f6\u00dfter Sorgfalt erstellt. F\u00fcr die Richtigkeit, Voll-st\u00e4ndigkeit und Aktualit\u00e4t der Inhalte k\u00f6nnen wir jedoch keine Gew\u00e4hr \u00fcbernehmen. Als Diensteanbieter sind wir gem\u00e4\u00df \u00a7 7 Abs.1 TMG f\u00fcr eigene Inhalte auf diesen [&hellip;]","og_url":"https:\/\/baumsteiger-allgaeu.de\/?page_id=10","og_site_name":"Baumsteiger Allg\u00e4u Baumpfleger","article_modified_time":"2021-06-07T18:05:28+00:00","twitter_card":"summary_large_image","twitter_misc":{"Gesch\u00e4tzte Lesezeit":"3\u00a0Minuten"},"schema":{"@context":"https:\/\/schema.org","@graph":[{"@type":"WebPage","@id":"https:\/\/baumsteiger-allgaeu.de\/?page_id=10","url":"https:\/\/baumsteiger-allgaeu.de\/?page_id=10","name":"Impressum - Baumsteiger Allg\u00e4u Baumpfleger","isPartOf":{"@id":"https:\/\/baumsteiger-allgaeu.de\/#website"},"datePublished":"2020-04-27T10:43:11+00:00","dateModified":"2021-06-07T18:05:28+00:00","breadcrumb":{"@id":"https:\/\/baumsteiger-allgaeu.de\/?page_id=10#breadcrumb"},"inLanguage":"de","potentialAction":[{"@type":"ReadAction","target":["https:\/\/baumsteiger-allgaeu.de\/?page_id=10"]}]},{"@type":"BreadcrumbList","@id":"https:\/\/baumsteiger-allgaeu.de\/?page_id=10#breadcrumb","itemListElement":[{"@type":"ListItem","position":1,"name":"Startseite","item":"https:\/\/baumsteiger-allgaeu.de\/"},{"@type":"ListItem","position":2,"name":"Impressum"}]},{"@type":"WebSite","@id":"https:\/\/baumsteiger-allgaeu.de\/#website","url":"https:\/\/baumsteiger-allgaeu.de\/","name":"Baumsteiger Allg\u00e4u Baumpflege Raphael Bernhardt","description":"Professionelle Baumpflege Baumkontrolle Baumschnitt Spezialf\u00e4llungen Seilklettertechnik Allgaeu","publisher":{"@id":"https:\/\/baumsteiger-allgaeu.de\/#organization"},"potentialAction":[{"@type":"SearchAction","target":{"@type":"EntryPoint","urlTemplate":"https:\/\/baumsteiger-allgaeu.de\/?s={search_term_string}"},"query-input":{"@type":"PropertyValueSpecification","valueRequired":true,"valueName":"search_term_string"}}],"inLanguage":"de"},{"@type":"Organization","@id":"https:\/\/baumsteiger-allgaeu.de\/#organization","name":"Baumsteiger Allgaeu Baumpflege in Seilklettertechnik","url":"https:\/\/baumsteiger-allgaeu.de\/","logo":{"@type":"ImageObject","inLanguage":"de","@id":"https:\/\/baumsteiger-allgaeu.de\/#\/schema\/logo\/image\/","url":"https:\/\/baumsteiger-allgaeu.de\/wp-content\/uploads\/2020\/05\/baumsteiger-allgaeu-baumpflege-steil-klettern-raphael-bernhardt.png","contentUrl":"https:\/\/baumsteiger-allgaeu.de\/wp-content\/uploads\/2020\/05\/baumsteiger-allgaeu-baumpflege-steil-klettern-raphael-bernhardt.png","width":512,"height":485,"caption":"Baumsteiger Allgaeu Baumpflege in Seilklettertechnik"},"image":{"@id":"https:\/\/baumsteiger-allgaeu.de\/#\/schema\/logo\/image\/"}}]}},"_links":{"self":[{"href":"https:\/\/baumsteiger-allgaeu.de\/index.php?rest_route=\/wp\/v2\/pages\/10","targetHints":{"allow":["GET"]}}],"collection":[{"href":"https:\/\/baumsteiger-allgaeu.de\/index.php?rest_route=\/wp\/v2\/pages"}],"about":[{"href":"https:\/\/baumsteiger-allgaeu.de\/index.php?rest_route=\/wp\/v2\/types\/page"}],"author":[{"embeddable":true,"href":"https:\/\/baumsteiger-allgaeu.de\/index.php?rest_route=\/wp\/v2\/users\/1"}],"replies":[{"embeddable":true,"href":"https:\/\/baumsteiger-allgaeu.de\/index.php?rest_route=%2Fwp%2Fv2%2Fcomments&post=10"}],"version-history":[{"count":20,"href":"https:\/\/baumsteiger-allgaeu.de\/index.php?rest_route=\/wp\/v2\/pages\/10\/revisions"}],"predecessor-version":[{"id":381,"href":"https:\/\/baumsteiger-allgaeu.de\/index.php?rest_route=\/wp\/v2\/pages\/10\/revisions\/381"}],"wp:attachment":[{"href":"https:\/\/baumsteiger-allgaeu.de\/index.php?rest_route=%2Fwp%2Fv2%2Fmedia&parent=10"}],"curies":[{"name":"wp","href":"https:\/\/api.w.org\/{rel}","templated":true}]}}